{"id":34,"date":"2025-06-10T16:26:25","date_gmt":"2025-06-10T20:26:25","guid":{"rendered":"https:\/\/guyligancom.eu1.withoutdns.com\/?page_id=34"},"modified":"2025-08-10T17:47:22","modified_gmt":"2025-08-10T21:47:22","slug":"menu-soir","status":"publish","type":"page","link":"https:\/\/guyligan.com\/en\/menu-soir\/","title":{"rendered":"Dinner Menu"},"content":{"rendered":"<div data-elementor-type=\"wp-post\" data-elementor-id=\"34\" class=\"elementor elementor-34\">\n\t\t\t\t<div class=\"elementor-element elementor-element-6c5883d e-flex e-con-boxed wpr-particle-no wpr-jarallax-no wpr-parallax-no wpr-sticky-section-no e-con e-parent\" data-id=\"6c5883d\" data-element_type=\"container\">\n\t\t\t\t\t<div class=\"e-con-inner\">\n\t\t<div class=\"elementor-element elementor-element-ebe6604 e-con-full e-flex wpr-particle-no wpr-jarallax-no wpr-parallax-no wpr-sticky-section-no e-con e-child\" data-id=\"ebe6604\" data-element_type=\"container\">\n\t\t\t\t<div class=\"elementor-element elementor-element-d1541b6 elementor-widget elementor-widget-html\" data-id=\"d1541b6\" data-element_type=\"widget\" data-widget_type=\"html.default\">\n\t\t\t\t<div class=\"elementor-widget-container\">\n\t\t\t\t\t<span style=\"background-color: #fc462d ; font-family: 'Staatliches', serif; color: white; padding: 5px 10px; font-size: 16px; text-transform: uppercase; border-radius: 3px; letter-spacing: 1.5px;\">\r\ndu mercredi au dimanche\r\n17H-23H<\/span>\r\n\t\t\t\t<\/div>\n\t\t\t\t<\/div>\n\t\t\t\t<\/div>\n\t\t\t\t<div class=\"elementor-element elementor-element-2769b59 elementor-widget elementor-widget-heading\" data-id=\"2769b59\" data-element_type=\"widget\" data-widget_type=\"heading.default\">\n\t\t\t\t<div class=\"elementor-widget-container\">\n\t\t\t\t\t<h1 class=\"elementor-heading-title elementor-size-default\">Dinner Menu<\/h1>\t\t\t\t<\/div>\n\t\t\t\t<\/div>\n\t\t\t\t\t<\/div>\n\t\t\t\t<\/div>\n\t\t<div class=\"elementor-element elementor-element-d37f21f e-grid e-con-boxed wpr-particle-no wpr-jarallax-no wpr-parallax-no wpr-sticky-section-no e-con e-parent\" data-id=\"d37f21f\" data-element_type=\"container\">\n\t\t\t\t\t<div class=\"e-con-inner\">\n\t\t\t\t<div class=\"elementor-element elementor-element-2b65c2a elementor-widget elementor-widget-html\" data-id=\"2b65c2a\" data-element_type=\"widget\" data-widget_type=\"html.default\">\n\t\t\t\t<div class=\"elementor-widget-container\">\n\t\t\t\t\t<div style=\"display: flex; justify-content: space-between; font-family: 'Staatliches', serif; font-size: 18px; color: white; text-transform: uppercase;\">\r\n  <span>Soup of the day<\/span>\r\n  <span style=\"color: #edd585;\">$14<\/span>\r\n<\/div>\r\n<div style=\"font-family: 'questrial', sans-serif; font-size: 15px; color: #c6c6cc ; margin-top: 5px;\">\r\n<\/div>\r\n\t\t\t\t<\/div>\n\t\t\t\t<\/div>\n\t\t\t\t<div class=\"elementor-element elementor-element-c74c0c3 elementor-widget elementor-widget-html\" data-id=\"c74c0c3\" data-element_type=\"widget\" data-widget_type=\"html.default\">\n\t\t\t\t<div class=\"elementor-widget-container\">\n\t\t\t\t\t<div style=\"display: flex; justify-content: space-between; font-family: 'Staatliches', serif; font-size: 18px; color: white; text-transform: uppercase;\">\r\n  <span>Pico de gallo<\/span>\r\n  <span style=\"color: #edd585;\">$12<\/span>\r\n<\/div>\r\n<div style=\"font-family: 'questrial', sans-serif; font-size: 15px; color: #c6c6cc ; margin-top: 5px;\">\r\nTomatoes, onions, jalape\u00f1os, cilantro, tortilla chips\r\n<\/div>\r\n\t\t\t\t<\/div>\n\t\t\t\t<\/div>\n\t\t\t\t<div class=\"elementor-element elementor-element-01e3718 elementor-widget elementor-widget-html\" data-id=\"01e3718\" data-element_type=\"widget\" data-widget_type=\"html.default\">\n\t\t\t\t<div class=\"elementor-widget-container\">\n\t\t\t\t\t<div style=\"display: flex; justify-content: space-between; font-family: 'Staatliches', serif; font-size: 18px; color: white; text-transform: uppercase;\">\r\n  <span>Tomato salad<\/span>\r\n  <span style=\"color: #edd585;\">$14<\/span>\r\n<\/div>\r\n<div style=\"font-family: 'questrial', sans-serif; font-size: 15px; color: #c6c6cc ; margin-top: 5px;\">\r\nTomatoes, Manchego cheese, kale, spicy breadcrumbs, walnuts, dill vinaigrette\r\n<\/div>\r\n\t\t\t\t<\/div>\n\t\t\t\t<\/div>\n\t\t\t\t<div class=\"elementor-element elementor-element-7bafd19 elementor-widget elementor-widget-html\" data-id=\"7bafd19\" data-element_type=\"widget\" data-widget_type=\"html.default\">\n\t\t\t\t<div class=\"elementor-widget-container\">\n\t\t\t\t\t<div style=\"display: flex; justify-content: space-between; font-family: 'Staatliches', serif; font-size: 18px; color: white; text-transform: uppercase;\">\r\n  <span>Toast with goat cheese and salmon gravlax<\/span>\r\n  <span style=\"color: #edd585;\">$24<\/span>\r\n<\/div>\r\n<div style=\"font-family: 'questrial', sans-serif; font-size: 15px; color: #c6c6cc ; margin-top: 5px;\">\r\nChive and honey goat cheese, herb salad, pickled onions, cucumber, capers\r\n<\/div>\r\n\t\t\t\t<\/div>\n\t\t\t\t<\/div>\n\t\t\t\t<div class=\"elementor-element elementor-element-9279845 elementor-widget elementor-widget-html\" data-id=\"9279845\" data-element_type=\"widget\" data-widget_type=\"html.default\">\n\t\t\t\t<div class=\"elementor-widget-container\">\n\t\t\t\t\t<div style=\"display: flex; justify-content: space-between; font-family: 'Staatliches', serif; font-size: 18px; color: white; text-transform: uppercase;\">\r\n  <span>Frites parmesiano 10$ g $14\r\n<\/span>\r\n  <span style=\"color: #edd585;\">s 10$ l $14<\/span>\r\n<\/div>\r\n<div style=\"font-family: 'questrial', sans-serif; font-size: 15px; color: #c6c6cc ; margin-top: 5px;\">\r\nHouse-made tartar sauce\r\n<\/div>\r\n\t\t\t\t<\/div>\n\t\t\t\t<\/div>\n\t\t\t\t<div class=\"elementor-element elementor-element-5b7f72d elementor-widget elementor-widget-html\" data-id=\"5b7f72d\" data-element_type=\"widget\" data-widget_type=\"html.default\">\n\t\t\t\t<div class=\"elementor-widget-container\">\n\t\t\t\t\t<div style=\"display: flex; justify-content: space-between; font-family: 'Staatliches', serif; font-size: 18px; color: white; text-transform: uppercase;\">\r\n  <span>Spicy hummus<\/span>\r\n  <span style=\"color: #edd585;\">$16<\/span>\r\n<\/div>\r\n<div style=\"font-family: 'questrial', sans-serif; font-size: 15px; color: #c6c6cc ; margin-top: 5px;\">\r\nChickpeas, Greek yogurt, chili oil, bread, and vegetables\r\n<\/div>\r\n\t\t\t\t<\/div>\n\t\t\t\t<\/div>\n\t\t\t\t<div class=\"elementor-element elementor-element-3c9a407 elementor-widget elementor-widget-html\" data-id=\"3c9a407\" data-element_type=\"widget\" data-widget_type=\"html.default\">\n\t\t\t\t<div class=\"elementor-widget-container\">\n\t\t\t\t\t<div style=\"display: flex; justify-content: space-between; font-family: 'Staatliches', serif; font-size: 18px; color: white; text-transform: uppercase;\">\r\n  <span>Mystic Smash Burger <\/span>\r\n  <span style=\"color: #edd585;\">$15<\/span>\r\n<\/div>\r\n<div style=\"font-family: 'questrial', sans-serif; font-size: 15px; color: #c6c6cc ; margin-top: 5px;\">\r\nA beef smash in full trance, soft brioche bun, idyllic bacon, glowing onions, and spiritual cocktail sauce!\nChoice of fries or salad + $6<\/div>\r\n\t\t\t\t<\/div>\n\t\t\t\t<\/div>\n\t\t\t\t<div class=\"elementor-element elementor-element-b0f74cf elementor-widget elementor-widget-html\" data-id=\"b0f74cf\" data-element_type=\"widget\" data-widget_type=\"html.default\">\n\t\t\t\t<div class=\"elementor-widget-container\">\n\t\t\t\t\t<div style=\"display: flex; justify-content: space-between; font-family: 'Staatliches', serif; font-size: 18px; color: white; text-transform: uppercase;\">\r\n  <span>Chili bamba<\/span>\r\n  <span style=\"color: #edd585;\">$20<\/span>\r\n<\/div>\r\n<div style=\"font-family: 'questrial', sans-serif; font-size: 15px; color: #c6c6cc ; margin-top: 5px;\">\r\nBeef, Greek yogurt, cilantro, tortilla chips\r\n<\/div>\r\n\t\t\t\t<\/div>\n\t\t\t\t<\/div>\n\t\t\t\t<div class=\"elementor-element elementor-element-918e866 elementor-widget elementor-widget-html\" data-id=\"918e866\" data-element_type=\"widget\" data-widget_type=\"html.default\">\n\t\t\t\t<div class=\"elementor-widget-container\">\n\t\t\t\t\t<div style=\"display: flex; justify-content: space-between; font-family: 'Staatliches', serif; font-size: 18px; color: white; text-transform: uppercase;\">\r\n  <span>Tacositos 3x<\/span>\r\n  <span style=\"color: #edd585;\">$18<\/span>\r\n<\/div>\r\n<div style=\"font-family: 'questrial', sans-serif; font-size: 15px; color: #c6c6cc ; margin-top: 5px;\">\r\nPulled pork, salsa verde, cilantro, lime\r\n<\/div>\r\n\t\t\t\t<\/div>\n\t\t\t\t<\/div>\n\t\t\t\t\t<\/div>\n\t\t\t\t<\/div>\n\t\t<div class=\"elementor-element elementor-element-7d7c2b3 e-flex e-con-boxed wpr-particle-no wpr-jarallax-no wpr-parallax-no wpr-sticky-section-no e-con e-parent\" data-id=\"7d7c2b3\" data-element_type=\"container\">\n\t\t\t\t\t<div class=\"e-con-inner\">\n\t\t\t\t<div class=\"elementor-element elementor-element-d958ac6 elementor-widget elementor-widget-heading\" data-id=\"d958ac6\" data-element_type=\"widget\" data-widget_type=\"heading.default\">\n\t\t\t\t<div class=\"elementor-widget-container\">\n\t\t\t\t\t<h2 class=\"elementor-heading-title elementor-size-default\">desserts<\/h2>\t\t\t\t<\/div>\n\t\t\t\t<\/div>\n\t\t\t\t\t<\/div>\n\t\t\t\t<\/div>\n\t\t<div class=\"elementor-element elementor-element-ecb8544 e-grid e-con-boxed wpr-particle-no wpr-jarallax-no wpr-parallax-no wpr-sticky-section-no e-con e-parent\" data-id=\"ecb8544\" data-element_type=\"container\">\n\t\t\t\t\t<div class=\"e-con-inner\">\n\t\t\t\t<div class=\"elementor-element elementor-element-a32e43e elementor-widget elementor-widget-html\" data-id=\"a32e43e\" data-element_type=\"widget\" data-widget_type=\"html.default\">\n\t\t\t\t<div class=\"elementor-widget-container\">\n\t\t\t\t\t<div style=\"display: flex; justify-content: space-between; font-family: 'Staatliches', serif; font-size: 18px; color: white; text-transform: uppercase;\">\r\n  <span>Big cookie<\/span>\r\n  <span style=\"color: #edd585;\">$4<\/span>\r\n<\/div>\r\n<div style=\"font-family: 'questrial', sans-serif; font-size: 15px; color: #c6c6cc ; margin-top: 5px;\">\r\nHouse-made chocolate chip cookie\r\n<\/div>\r\n\t\t\t\t<\/div>\n\t\t\t\t<\/div>\n\t\t\t\t<div class=\"elementor-element elementor-element-46c66e5 elementor-widget elementor-widget-html\" data-id=\"46c66e5\" data-element_type=\"widget\" data-widget_type=\"html.default\">\n\t\t\t\t<div class=\"elementor-widget-container\">\n\t\t\t\t\t<div style=\"display: flex; justify-content: space-between; font-family: 'Staatliches', serif; font-size: 18px; color: white; text-transform: uppercase;\">\r\n  <span>Banana bread<\/span>\r\n  <span style=\"color: #edd585;\">$14<\/span>\r\n<\/div>\r\n<div style=\"font-family: 'questrial', sans-serif; font-size: 15px; color: #c6c6cc ; margin-top: 5px;\">\r\nPistachios, strawberries, and mascarpone\r\n<\/div>\r\n\t\t\t\t<\/div>\n\t\t\t\t<\/div>\n\t\t\t\t\t<\/div>\n\t\t\t\t<\/div>\n\t\t\t\t<\/div>","protected":false},"excerpt":{"rendered":"<p>du mercredi au dimanche 17H-23H MENU DU SOIR Soupe du moment $14 Pico de gallo $12 Tomates, oignons, jalapenos, coriandre, chips mexicaines Salade de tomates $14 Tomates, manchego, kale, chapelure \u00e9pic\u00e9e, noix de grenoble, vinaigrette \u00e0 l&rsquo;aneth Tartine ch\u00e8vre et gravlax de saumon $24 Ch\u00e8vre \u00e0 la ciboulette et au miel, salade de fines herbes, oignons marin\u00e9s, concombre, c\u00e2pres Frites parmesiano 10$ g $14 p 10$ g $14 Sauce tartare maison Hummus \u00e9pic\u00e9 $16 Pois chiches, yogourt grec, huile de chili, pain et l\u00e9gumes Smash *mystique* burger $15 Un smash de boeuf en pleine transe, brioch\u00e9 moelleux, bacon idyllique, oignons illumin\u00e9s, sauce cocktail spirituelle! Choix de frites ou salade +6$ Chili bamba $20 Boeuf, yogourt grec, coriandre, chips mexicaines Tacositos 3x $18 Porc effiloch\u00e9, salsa verde, coriandre, lime desserts Gros Biscuit $4 Biscuit fait maison aux p\u00e9pites de chocolat Pain aux bananes $14 Pistaches, fraises et mascarpone<\/p>","protected":false},"author":1,"featured_media":0,"parent":0,"menu_order":0,"comment_status":"closed","ping_status":"closed","template":"","meta":{"site-sidebar-layout":"no-sidebar","site-content-layout":"","ast-site-content-layout":"default","site-content-style":"default","site-sidebar-style":"default","ast-global-header-display":"","ast-banner-title-visibility":"","ast-main-header-display":"","ast-hfb-above-header-display":"","ast-hfb-below-header-display":"","ast-hfb-mobile-header-display":"","site-post-title":"disabled","ast-breadcrumbs-content":"","ast-featured-img":"disabled","footer-sml-layout":"","theme-transparent-header-meta":"","adv-header-id-meta":"","stick-header-meta":"","header-above-stick-meta":"","header-main-stick-meta":"","header-below-stick-meta":"","astra-migrate-meta-layouts":"set","ast-page-background-enabled":"default","ast-page-background-meta":{"desktop":{"background-color":"","background-image":"","background-repeat":"repeat","background-position":"center center","background-size":"auto","background-attachment":"scroll","background-type":"","background-media":"","overlay-type":"","overlay-color":"","overlay-opacity":"","overlay-gradient":""},"tablet":{"background-color":"","background-image":"","background-repeat":"repeat","background-position":"center center","background-size":"auto","background-attachment":"scroll","background-type":"","background-media":"","overlay-type":"","overlay-color":"","overlay-opacity":"","overlay-gradient":""},"mobile":{"background-color":"","background-image":"","background-repeat":"repeat","background-position":"center center","background-size":"auto","background-attachment":"scroll","background-type":"","background-media":"","overlay-type":"","overlay-color":"","overlay-opacity":"","overlay-gradient":""}},"ast-content-background-meta":{"desktop":{"background-color":"var(--ast-global-color-5)","background-image":"","background-repeat":"repeat","background-position":"center center","background-size":"auto","background-attachment":"scroll","background-type":"","background-media":"","overlay-type":"","overlay-color":"","overlay-opacity":"","overlay-gradient":""},"tablet":{"background-color":"var(--ast-global-color-5)","background-image":"","background-repeat":"repeat","background-position":"center center","background-size":"auto","background-attachment":"scroll","background-type":"","background-media":"","overlay-type":"","overlay-color":"","overlay-opacity":"","overlay-gradient":""},"mobile":{"background-color":"var(--ast-global-color-5)","background-image":"","background-repeat":"repeat","background-position":"center center","background-size":"auto","background-attachment":"scroll","background-type":"","background-media":"","overlay-type":"","overlay-color":"","overlay-opacity":"","overlay-gradient":""}},"footnotes":""},"class_list":["post-34","page","type-page","status-publish","hentry"],"yoast_head":"<!-- This site is optimized with the Yoast SEO plugin v25.3.1 - https:\/\/yoast.com\/wordpress\/plugins\/seo\/ -->\n<title>Menu du soir - Le Guyligan | Caf\u00e9 et pub ludique sur le Plateau<\/title>\n<meta name=\"description\" content=\"D\u00e9couvrez notre menu du soir : plats faits maison, options v\u00e9g\u00e9tariennes et assiettes \u00e0 partager dans une ambiance conviviale.\" \/>\n<meta name=\"robots\" content=\"index, follow, max-snippet:-1, max-image-preview:large, max-video-preview:-1\" \/>\n<link rel=\"canonical\" href=\"https:\/\/guyligan.com\/en\/menu-soir\/\" \/>\n<meta property=\"og:locale\" content=\"en_US\" \/>\n<meta property=\"og:type\" content=\"article\" \/>\n<meta property=\"og:title\" content=\"Menu du soir - Le Guyligan | Caf\u00e9 et pub ludique sur le Plateau\" \/>\n<meta property=\"og:description\" content=\"D\u00e9couvrez notre menu du soir : plats faits maison, options v\u00e9g\u00e9tariennes et assiettes \u00e0 partager dans une ambiance conviviale.\" \/>\n<meta property=\"og:url\" content=\"https:\/\/guyligan.com\/en\/menu-soir\/\" \/>\n<meta property=\"og:site_name\" content=\"Le Guyligan\" \/>\n<meta property=\"article:modified_time\" content=\"2025-08-10T21:47:22+00:00\" \/>\n<meta name=\"twitter:card\" content=\"summary_large_image\" \/>\n<meta name=\"twitter:label1\" content=\"Est. reading time\" \/>\n\t<meta name=\"twitter:data1\" content=\"1 minute\" \/>\n<script type=\"application\/ld+json\" class=\"yoast-schema-graph\">{\"@context\":\"https:\/\/schema.org\",\"@graph\":[{\"@type\":\"WebPage\",\"@id\":\"https:\/\/guyligan.com\/menu-soir\/\",\"url\":\"https:\/\/guyligan.com\/menu-soir\/\",\"name\":\"Menu du soir - Le Guyligan | Caf\u00e9 et pub ludique sur le Plateau\",\"isPartOf\":{\"@id\":\"https:\/\/guyligan.com\/#website\"},\"datePublished\":\"2025-06-10T20:26:25+00:00\",\"dateModified\":\"2025-08-10T21:47:22+00:00\",\"description\":\"D\u00e9couvrez notre menu du soir : plats faits maison, options v\u00e9g\u00e9tariennes et assiettes \u00e0 partager dans une ambiance conviviale.\",\"breadcrumb\":{\"@id\":\"https:\/\/guyligan.com\/menu-soir\/#breadcrumb\"},\"inLanguage\":\"en-CA\",\"potentialAction\":[{\"@type\":\"ReadAction\",\"target\":[\"https:\/\/guyligan.com\/menu-soir\/\"]}]},{\"@type\":\"BreadcrumbList\",\"@id\":\"https:\/\/guyligan.com\/menu-soir\/#breadcrumb\",\"itemListElement\":[{\"@type\":\"ListItem\",\"position\":1,\"name\":\"Accueil\",\"item\":\"https:\/\/guyligan.com\/\"},{\"@type\":\"ListItem\",\"position\":2,\"name\":\"Menu soir\"}]},{\"@type\":\"WebSite\",\"@id\":\"https:\/\/guyligan.com\/#website\",\"url\":\"https:\/\/guyligan.com\/\",\"name\":\"Le Guyligan\",\"description\":\"Votre Caf\u00e9-Pub de Jeux de soci\u00e9t\u00e9 sur le Plateau Mont-Royal \u2013 Bienvenue au Guyligan\",\"publisher\":{\"@id\":\"https:\/\/guyligan.com\/#organization\"},\"potentialAction\":[{\"@type\":\"SearchAction\",\"target\":{\"@type\":\"EntryPoint\",\"urlTemplate\":\"https:\/\/guyligan.com\/?s={search_term_string}\"},\"query-input\":{\"@type\":\"PropertyValueSpecification\",\"valueRequired\":true,\"valueName\":\"search_term_string\"}}],\"inLanguage\":\"en-CA\"},{\"@type\":\"Organization\",\"@id\":\"https:\/\/guyligan.com\/#organization\",\"name\":\"Le Guyligan\",\"url\":\"https:\/\/guyligan.com\/\",\"logo\":{\"@type\":\"ImageObject\",\"inLanguage\":\"en-CA\",\"@id\":\"https:\/\/guyligan.com\/#\/schema\/logo\/image\/\",\"url\":\"https:\/\/mathtest.info\/wp-content\/uploads\/2025\/06\/cropped-3.png\",\"contentUrl\":\"https:\/\/mathtest.info\/wp-content\/uploads\/2025\/06\/cropped-3.png\",\"width\":512,\"height\":512,\"caption\":\"Le Guyligan\"},\"image\":{\"@id\":\"https:\/\/guyligan.com\/#\/schema\/logo\/image\/\"},\"sameAs\":[\"https:\/\/www.instagram.com\/leguyligan\/\"]}]}<\/script>\n<!-- \/ Yoast SEO plugin. -->","yoast_head_json":{"title":"Menu du soir - Le Guyligan | Caf\u00e9 et pub ludique sur le Plateau","description":"D\u00e9couvrez notre menu du soir : plats faits maison, options v\u00e9g\u00e9tariennes et assiettes \u00e0 partager dans une ambiance conviviale.","robots":{"index":"index","follow":"follow","max-snippet":"max-snippet:-1","max-image-preview":"max-image-preview:large","max-video-preview":"max-video-preview:-1"},"canonical":"https:\/\/guyligan.com\/en\/menu-soir\/","og_locale":"en_US","og_type":"article","og_title":"Menu du soir - Le Guyligan | Caf\u00e9 et pub ludique sur le Plateau","og_description":"D\u00e9couvrez notre menu du soir : plats faits maison, options v\u00e9g\u00e9tariennes et assiettes \u00e0 partager dans une ambiance conviviale.","og_url":"https:\/\/guyligan.com\/en\/menu-soir\/","og_site_name":"Le Guyligan","article_modified_time":"2025-08-10T21:47:22+00:00","twitter_card":"summary_large_image","twitter_misc":{"Est. reading time":"1 minute"},"schema":{"@context":"https:\/\/schema.org","@graph":[{"@type":"WebPage","@id":"https:\/\/guyligan.com\/menu-soir\/","url":"https:\/\/guyligan.com\/menu-soir\/","name":"Menu du soir - Le Guyligan | Caf\u00e9 et pub ludique sur le Plateau","isPartOf":{"@id":"https:\/\/guyligan.com\/#website"},"datePublished":"2025-06-10T20:26:25+00:00","dateModified":"2025-08-10T21:47:22+00:00","description":"D\u00e9couvrez notre menu du soir : plats faits maison, options v\u00e9g\u00e9tariennes et assiettes \u00e0 partager dans une ambiance conviviale.","breadcrumb":{"@id":"https:\/\/guyligan.com\/menu-soir\/#breadcrumb"},"inLanguage":"en-CA","potentialAction":[{"@type":"ReadAction","target":["https:\/\/guyligan.com\/menu-soir\/"]}]},{"@type":"BreadcrumbList","@id":"https:\/\/guyligan.com\/menu-soir\/#breadcrumb","itemListElement":[{"@type":"ListItem","position":1,"name":"Accueil","item":"https:\/\/guyligan.com\/"},{"@type":"ListItem","position":2,"name":"Menu soir"}]},{"@type":"WebSite","@id":"https:\/\/guyligan.com\/#website","url":"https:\/\/guyligan.com\/","name":"Le Guyligan","description":"Votre Caf\u00e9-Pub de Jeux de soci\u00e9t\u00e9 sur le Plateau Mont-Royal \u2013 Bienvenue au Guyligan","publisher":{"@id":"https:\/\/guyligan.com\/#organization"},"potentialAction":[{"@type":"SearchAction","target":{"@type":"EntryPoint","urlTemplate":"https:\/\/guyligan.com\/?s={search_term_string}"},"query-input":{"@type":"PropertyValueSpecification","valueRequired":true,"valueName":"search_term_string"}}],"inLanguage":"en-CA"},{"@type":"Organization","@id":"https:\/\/guyligan.com\/#organization","name":"Le Guyligan","url":"https:\/\/guyligan.com\/","logo":{"@type":"ImageObject","inLanguage":"en-CA","@id":"https:\/\/guyligan.com\/#\/schema\/logo\/image\/","url":"https:\/\/mathtest.info\/wp-content\/uploads\/2025\/06\/cropped-3.png","contentUrl":"https:\/\/mathtest.info\/wp-content\/uploads\/2025\/06\/cropped-3.png","width":512,"height":512,"caption":"Le Guyligan"},"image":{"@id":"https:\/\/guyligan.com\/#\/schema\/logo\/image\/"},"sameAs":["https:\/\/www.instagram.com\/leguyligan\/"]}]}},"_links":{"self":[{"href":"https:\/\/guyligan.com\/en\/wp-json\/wp\/v2\/pages\/34","targetHints":{"allow":["GET"]}}],"collection":[{"href":"https:\/\/guyligan.com\/en\/wp-json\/wp\/v2\/pages"}],"about":[{"href":"https:\/\/guyligan.com\/en\/wp-json\/wp\/v2\/types\/page"}],"author":[{"embeddable":true,"href":"https:\/\/guyligan.com\/en\/wp-json\/wp\/v2\/users\/1"}],"replies":[{"embeddable":true,"href":"https:\/\/guyligan.com\/en\/wp-json\/wp\/v2\/comments?post=34"}],"version-history":[{"count":27,"href":"https:\/\/guyligan.com\/en\/wp-json\/wp\/v2\/pages\/34\/revisions"}],"predecessor-version":[{"id":1989,"href":"https:\/\/guyligan.com\/en\/wp-json\/wp\/v2\/pages\/34\/revisions\/1989"}],"wp:attachment":[{"href":"https:\/\/guyligan.com\/en\/wp-json\/wp\/v2\/media?parent=34"}],"curies":[{"name":"wp","href":"https:\/\/api.w.org\/{rel}","templated":true}]}}